{"id":3063,"date":"2014-10-16T15:18:02","date_gmt":"2014-10-16T13:18:02","guid":{"rendered":"http:\/\/www.wolfsberg-judoclub.at\/?page_id=3063"},"modified":"2017-02-07T14:59:26","modified_gmt":"2017-02-07T12:59:26","slug":"2014-2","status":"publish","type":"page","link":"https:\/\/www.wolfsberg-judoclub.at\/2014-2\/","title":{"rendered":"Fotos 2014"},"content":{"rendered":"<p><a href=\"http:\/\/www.wolfsberg-judoclub.at\/?p=3726\">2.K\u00e4rntner Sch\u00fclerturnier<\/a><a href=\"http:\/\/www.wolfsberg-judoclub.at\/?p=3403\"><br \/>\n\u00d6M in Gmunden<\/a><a href=\"http:\/\/www.wolfsberg-judoclub.at\/?p=3261\"><br \/>\nJudo WM in Chelyabinsk<\/a><a href=\"http:\/\/www.wolfsberg-judoclub.at\/?p=3163\"><br \/>\nJudo EM in Montpellier<\/a><a href=\"http:\/\/www.wolfsberg-judoclub.at\/?p=3135\"><br \/>\nTurnier in Gleisdorf<\/a><a href=\"http:\/\/www.wolfsberg-judoclub.at\/?p=3066\"><br \/>\nGelbgurtturnier<\/a><\/p>\n","protected":false},"excerpt":{"rendered":"<p>2.K\u00e4rntner Sch\u00fclerturnier \u00d6M in Gmunden Judo WM in Chelyabinsk Judo EM in Montpellier Turnier in Gleisdorf Gelbgurtturnier<\/p>\n","protected":false},"author":2,"featured_media":0,"parent":0,"menu_order":0,"comment_status":"closed","ping_status":"closed","template":"","meta":{"ngg_post_thumbnail":0},"_links":{"self":[{"href":"https:\/\/www.wolfsberg-judoclub.at\/wp-json\/wp\/v2\/pages\/3063"}],"collection":[{"href":"https:\/\/www.wolfsberg-judoclub.at\/wp-json\/wp\/v2\/pages"}],"about":[{"href":"https:\/\/www.wolfsberg-judoclub.at\/wp-json\/wp\/v2\/types\/page"}],"author":[{"embeddable":true,"href":"https:\/\/www.wolfsberg-judoclub.at\/wp-json\/wp\/v2\/users\/2"}],"replies":[{"embeddable":true,"href":"https:\/\/www.wolfsberg-judoclub.at\/wp-json\/wp\/v2\/comments?post=3063"}],"version-history":[{"count":9,"href":"https:\/\/www.wolfsberg-judoclub.at\/wp-json\/wp\/v2\/pages\/3063\/revisions"}],"predecessor-version":[{"id":4428,"href":"https:\/\/www.wolfsberg-judoclub.at\/wp-json\/wp\/v2\/pages\/3063\/revisions\/4428"}],"wp:attachment":[{"href":"https:\/\/www.wolfsberg-judoclub.at\/wp-json\/wp\/v2\/media?parent=3063"}],"curies":[{"name":"wp","href":"https:\/\/api.w.org\/{rel}","templated":true}]}}