{"id":3744,"date":"2015-02-09T16:30:15","date_gmt":"2015-02-09T14:30:15","guid":{"rendered":"http:\/\/www.wolfsberg-judoclub.at\/?page_id=3744"},"modified":"2020-11-10T00:53:40","modified_gmt":"2020-11-09T22:53:40","slug":"2015-2","status":"publish","type":"page","link":"https:\/\/www.wolfsberg-judoclub.at\/2015-2\/","title":{"rendered":"2015"},"content":{"rendered":"<ul>\n<li><a href=\"http:\/\/www.wolfsberg-judoclub.at\/2016\/01\/askoe-bundesmeisterschaft\/\">ASK\u00d6 Bundesmeisterschaften<\/a><\/li>\n<li><a href=\"https:\/\/www.wolfsberg-judoclub.at\/2015\/11\/newaza-turnier-in-treffen\/\">Newaza Turnier in Treffen<\/a><\/li>\n<li><a href=\"https:\/\/www.wolfsberg-judoclub.at\/2015\/10\/wolfsberger-judoerfolge-in-leoben\/\">Judoturnier in Leoben<\/a><\/li>\n<li><a href=\"https:\/\/www.wolfsberg-judoclub.at\/2015\/10\/silbernes-ehrenzeichen-der-republik-oesterreich-fuer-erich-pachoin\/\">Ehrenabzeichen f\u00fcr Erich Pachoinig<\/a><\/li>\n<li><a href=\"https:\/\/www.wolfsberg-judoclub.at\/2015\/10\/gleisdorfer-judo-stadtturnier\/\">Gleisdorfer Judo Stadtturnier<\/a><\/li>\n<li><a href=\"https:\/\/www.wolfsberg-judoclub.at\/2015\/09\/judo-wm-in-astana\/\">Judo WM in Astana<\/a><\/li>\n<li><a href=\"https:\/\/www.wolfsberg-judoclub.at\/2014\/11\/gelbgurtturnier-muerzzuschlag\/\">Judoturnier in M\u00fcrzzuschlag<\/a><\/li>\n<li><a href=\"https:\/\/www.wolfsberg-judoclub.at\/2015\/06\/internationales-judo-nachwuchsturnier-in-matrei\/\">Int. Judo Nachwuchsturnier in Matrei<\/a><\/li>\n<li><a href=\"https:\/\/www.wolfsberg-judoclub.at\/2015\/06\/int-turnier-in-strasswalchen\/\">Int. Turnier in Stra\u00dfwalchen<\/a><\/li>\n<li><a href=\"https:\/\/www.wolfsberg-judoclub.at\/2015\/05\/internationales-judoturnier-in-zeltweg\/\">Int. Judoturnier Zeltweg<\/a><\/li>\n<li><a href=\"https:\/\/www.wolfsberg-judoclub.at\/2015\/05\/kaerntner-ms-u16u18u21\/\">K\u00e4rntner Meisterschaften U16\/U18\/U21<\/a><\/li>\n<li><a href=\"https:\/\/www.wolfsberg-judoclub.at\/2015\/05\/judo-nachwuchserfolge-beim-int-judoturnier-in-graz-2\/\">Int. Turnier in Graz<\/a><\/li>\n<li><a href=\"https:\/\/www.wolfsberg-judoclub.at\/2015\/04\/kaerntner-gelbgurtturnier-2015\/\">K\u00e4rntner Gelbgurtturnier<\/a><\/li>\n<li><a href=\"https:\/\/www.wolfsberg-judoclub.at\/2015\/03\/oesterreichische-staatsmeisterschaft-maenner-und-frauen\/\">\u00d6sterreichische Staatsmeisterschaft M\u00e4nner und Frauen<\/a><\/li>\n<li><a href=\"https:\/\/www.wolfsberg-judoclub.at\/2015\/02\/ktn-meisterschaften-ak\/\">Ktn. Meisterschaften AK<\/a><\/li>\n<li><a href=\"https:\/\/www.wolfsberg-judoclub.at\/2015\/02\/int-judo-schuelerturnier-in-bruck\/\">Int. Judo Sch\u00fclerturnier in Bruck<\/a><a href=\"http:\/\/www.wolfsberg-judoclub.at\/?p=3775\"><br \/>\n<\/a><\/li>\n<\/ul>\n","protected":false},"excerpt":{"rendered":"<p>ASK\u00d6 Bundesmeisterschaften Newaza Turnier in Treffen Judoturnier in Leoben Ehrenabzeichen f\u00fcr Erich Pachoinig Gleisdorfer Judo Stadtturnier Judo WM in Astana Judoturnier in M\u00fcrzzuschlag Int. Judo Nachwuchsturnier in Matrei Int. Turnier in Stra\u00dfwalchen Int. Judoturnier Zeltweg K\u00e4rntner Meisterschaften U16\/U18\/U21 Int. Turnier&#8230;<br \/><a class=\"read-more-button\" href=\"https:\/\/www.wolfsberg-judoclub.at\/2015-2\/\">Mehr Lesen<\/a><\/p>\n","protected":false},"author":2,"featured_media":0,"parent":0,"menu_order":0,"comment_status":"closed","ping_status":"closed","template":"","meta":{"ngg_post_thumbnail":0},"_links":{"self":[{"href":"https:\/\/www.wolfsberg-judoclub.at\/wp-json\/wp\/v2\/pages\/3744"}],"collection":[{"href":"https:\/\/www.wolfsberg-judoclub.at\/wp-json\/wp\/v2\/pages"}],"about":[{"href":"https:\/\/www.wolfsberg-judoclub.at\/wp-json\/wp\/v2\/types\/page"}],"author":[{"embeddable":true,"href":"https:\/\/www.wolfsberg-judoclub.at\/wp-json\/wp\/v2\/users\/2"}],"replies":[{"embeddable":true,"href":"https:\/\/www.wolfsberg-judoclub.at\/wp-json\/wp\/v2\/comments?post=3744"}],"version-history":[{"count":27,"href":"https:\/\/www.wolfsberg-judoclub.at\/wp-json\/wp\/v2\/pages\/3744\/revisions"}],"predecessor-version":[{"id":5462,"href":"https:\/\/www.wolfsberg-judoclub.at\/wp-json\/wp\/v2\/pages\/3744\/revisions\/5462"}],"wp:attachment":[{"href":"https:\/\/www.wolfsberg-judoclub.at\/wp-json\/wp\/v2\/media?parent=3744"}],"curies":[{"name":"wp","href":"https:\/\/api.w.org\/{rel}","templated":true}]}}