{"id":4157,"date":"2016-02-22T15:08:32","date_gmt":"2016-02-22T13:08:32","guid":{"rendered":"http:\/\/www.wolfsberg-judoclub.at\/?page_id=4157"},"modified":"2020-06-27T20:54:03","modified_gmt":"2020-06-27T18:54:03","slug":"2016-2","status":"publish","type":"page","link":"https:\/\/www.wolfsberg-judoclub.at\/2016-2\/","title":{"rendered":"2016"},"content":{"rendered":"<ul>\n<li><a href=\"http:\/\/www.wolfsberg-judoclub.at\/eju-congress-in-athen\/\">EJU-Congress in Athen<\/a><\/li>\n<li><a href=\"http:\/\/www.wolfsberg-judoclub.at\/generalversammlung-beim-judoclub-wolfsberg\/\">Generalversammlung<\/a><\/li>\n<li><a href=\"http:\/\/www.wolfsberg-judoclub.at\/2016\/11\/judoclub-long-life-wolfsberg-kaerntner-schuelermannschaftssieger\/\">Sch\u00fclermannschaftsturnier<\/a><\/li>\n<li><a href=\"http:\/\/www.wolfsberg-judoclub.at\/2016\/10\/judogala-2016\/\">Judogala 2016<\/a><\/li>\n<li><a href=\"http:\/\/www.wolfsberg-judoclub.at\/askoe-judo-bundesmeisterschaften-in-linz\/\">ASK\u00d6 Judo Bundesmeisterschaften<\/a><\/li>\n<li><a href=\"http:\/\/www.wolfsberg-judoclub.at\/2016\/10\/kaerntner-judo-schuelerturnier-in-bleiburg\/\">2. K\u00e4rntner Sch\u00fclerturnier<\/a><\/li>\n<li><a href=\"http:\/\/www.wolfsberg-judoclub.at\/2016\/10\/stadtturnier-gleisdorf-2016\/\">Stadtturnier Gleisdorf<\/a><\/li>\n<li><a href=\"http:\/\/www.wolfsberg-judoclub.at\/2016\/06\/neulingstunier-treffen-2016\/\">Neulingstunier Treffen<\/a><\/li>\n<li><a href=\"http:\/\/www.wolfsberg-judoclub.at\/2016\/06\/1-kaerntner-schuelerturnier-in-feldkirchen\/\">1.Ktn. Sch\u00fclerturnier U12\/U14<\/a><\/li>\n<li><a href=\"http:\/\/www.wolfsberg-judoclub.at\/2016\/05\/judo-nachwuchserfolge-beim-int-judoturnier-in-graz-3\/\">Int. Judoturnier in Graz<\/a><\/li>\n<li><a href=\"http:\/\/www.wolfsberg-judoclub.at\/2016\/04\/judo-em-in-kazan\/\">Judo EM in Kazan<\/a><\/li>\n<li><a href=\"http:\/\/www.wolfsberg-judoclub.at\/2016\/04\/ktn-meisterschaften-u16u18u21\/\">Ktn. Meisterschaften U16\/U18\/U21<\/a><\/li>\n<li><a href=\"http:\/\/www.wolfsberg-judoclub.at\/2016\/04\/1-kaerntner-gelbgurtturnier\/\">1.Ktn. Gelbgurtturnier<\/a><\/li>\n<li><a href=\"http:\/\/www.wolfsberg-judoclub.at\/2016\/04\/wolfsberger-judoerfolge-in-leoben-2\/\">Judoerfolge in Leoben<\/a><\/li>\n<li><a href=\"http:\/\/www.wolfsberg-judoclub.at\/2016\/02\/kaerntner-meisterschaften-ak-2016\/\">K\u00e4rntner Meisterschaften AK <\/a><span style=\"color: #800000;\"><a style=\"color: #800000;\" href=\"http:\/\/www.wolfsberg-judoclub.at\/2016\/10\/judogala-2016\/\"><br \/>\n<\/a><\/span><\/li>\n<\/ul>\n","protected":false},"excerpt":{"rendered":"<p>EJU-Congress in Athen Generalversammlung Sch\u00fclermannschaftsturnier Judogala 2016 ASK\u00d6 Judo Bundesmeisterschaften 2. K\u00e4rntner Sch\u00fclerturnier Stadtturnier Gleisdorf Neulingstunier Treffen 1.Ktn. Sch\u00fclerturnier U12\/U14 Int. Judoturnier in Graz Judo EM in Kazan Ktn. Meisterschaften U16\/U18\/U21 1.Ktn. Gelbgurtturnier Judoerfolge in Leoben K\u00e4rntner Meisterschaften AK<\/p>\n","protected":false},"author":2,"featured_media":0,"parent":0,"menu_order":0,"comment_status":"closed","ping_status":"closed","template":"","meta":{"ngg_post_thumbnail":0},"_links":{"self":[{"href":"https:\/\/www.wolfsberg-judoclub.at\/wp-json\/wp\/v2\/pages\/4157"}],"collection":[{"href":"https:\/\/www.wolfsberg-judoclub.at\/wp-json\/wp\/v2\/pages"}],"about":[{"href":"https:\/\/www.wolfsberg-judoclub.at\/wp-json\/wp\/v2\/types\/page"}],"author":[{"embeddable":true,"href":"https:\/\/www.wolfsberg-judoclub.at\/wp-json\/wp\/v2\/users\/2"}],"replies":[{"embeddable":true,"href":"https:\/\/www.wolfsberg-judoclub.at\/wp-json\/wp\/v2\/comments?post=4157"}],"version-history":[{"count":31,"href":"https:\/\/www.wolfsberg-judoclub.at\/wp-json\/wp\/v2\/pages\/4157\/revisions"}],"predecessor-version":[{"id":5422,"href":"https:\/\/www.wolfsberg-judoclub.at\/wp-json\/wp\/v2\/pages\/4157\/revisions\/5422"}],"wp:attachment":[{"href":"https:\/\/www.wolfsberg-judoclub.at\/wp-json\/wp\/v2\/media?parent=4157"}],"curies":[{"name":"wp","href":"https:\/\/api.w.org\/{rel}","templated":true}]}}