{"id":4403,"date":"2017-02-06T13:08:41","date_gmt":"2017-02-06T11:08:41","guid":{"rendered":"http:\/\/www.wolfsberg-judoclub.at\/?page_id=4403"},"modified":"2020-06-27T18:56:28","modified_gmt":"2020-06-27T16:56:28","slug":"2017-2","status":"publish","type":"page","link":"https:\/\/www.wolfsberg-judoclub.at\/2017-2\/","title":{"rendered":"2017"},"content":{"rendered":"<ul>\n<li><a href=\"http:\/\/www.wolfsberg-judoclub.at\/2017\/12\/internationales-judo-nachwuchsturnier-in-triest\/\">Internationales Judo Nachwuchsturnier in Triest<\/a><\/li>\n<li><a href=\"http:\/\/www.wolfsberg-judoclub.at\/2017\/12\/internationales-judo-nachwuchsturnier-in-celje\/\">Internationales Judo Nachwuchsturnier in Celje<\/a><\/li>\n<li><a href=\"http:\/\/www.wolfsberg-judoclub.at\/2017\/12\/4671\/\">\u201eAnpfiff \u2013 die Sportgala\u201c in Wolfsberg<\/a><\/li>\n<li><a href=\"http:\/\/www.wolfsberg-judoclub.at\/2017\/11\/4654\/\">Internationales Judo Nachwuchsturnier in Ljubljana<\/a><\/li>\n<li><a href=\"http:\/\/www.wolfsberg-judoclub.at\/2017\/11\/judoclub-long-life-wolfsberg-kaerntner-schuelermannschaftsmeister\/\">Sch\u00fclermannschaftsturnier<\/a><\/li>\n<li><a href=\"http:\/\/www.wolfsberg-judoclub.at\/2017\/10\/askoe-judo-bundesmeisterschaften\/\">ASK\u00d6 Judo Bundesmeisterschaften<\/a><\/li>\n<li><a href=\"http:\/\/www.wolfsberg-judoclub.at\/2017\/10\/2-kaerntner-schuelerturnier\/\">2. K\u00e4rntner Sch\u00fclerturnier<\/a><\/li>\n<li><a href=\"http:\/\/www.wolfsberg-judoclub.at\/2017\/09\/sommertrainingslager-faak-2017\/\">Sommertrainingslager Faak 2017<\/a><\/li>\n<li><a href=\"http:\/\/www.wolfsberg-judoclub.at\/2017\/06\/1-kaerntner-schuelerturnier-in-bleiburg\/\">1.Ktn. Sch\u00fclerturnier in Bleiburg<\/a><\/li>\n<li><a href=\"http:\/\/www.wolfsberg-judoclub.at\/2017\/06\/internationales-judoturnier-in-zeltweg-2\/\">Int. Judoturnier in Zeltweg<\/a><\/li>\n<li><a href=\"http:\/\/www.wolfsberg-judoclub.at\/2017\/05\/50-jahr-jubilaeum-und-kaerntner-meisterschaft-fuer-frauen-und-maenner-in-wolfsberg\/\">50 Jahr Jubil\u00e4um JC Wolfsberg und Ktn. Meisterschaft f\u00fcr M\u00e4nner und <\/a><a href=\"http:\/\/www.wolfsberg-judoclub.at\/2017\/05\/50-jahr-jubilaeum-und-kaerntner-meisterschaft-fuer-frauen-und-maenner-in-wolfsberg\/\">Frauen<\/a><\/li>\n<li><a href=\"http:\/\/www.wolfsberg-judoclub.at\/2017\/04\/kaerntner-gelbgurtturnier-2017\/\">K\u00e4rntner Gelbgurtturnier<\/a><\/li>\n<li><a href=\"http:\/\/www.wolfsberg-judoclub.at\/2017\/03\/int-judoturnier-in-leoben\/\">Int. Judoturnier in Leoben<\/a><\/li>\n<li><a href=\"https:\/\/www.wolfsberg-judoclub.at\/?p=4450&amp;preview=true\">K\u00e4rntner Meisterschaften U16\/U18\/U21<\/a><\/li>\n<li><a href=\"http:\/\/www.wolfsberg-judoclub.at\/2017\/03\/1-judo-fruehlingsturnier-in-st-andrae\/\">1.Judo Fr\u00fchlingsturnier in St. Andr\u00e4<\/a><\/li>\n<li><a href=\"http:\/\/www.wolfsberg-judoclub.at\/brucker-stadtturnier\/\">Int. Stadtturnier in Bruck<\/a><span style=\"color: #800000;\"><br \/>\n<\/span><span style=\"color: #800000;\"><a style=\"color: #800000;\" href=\"https:\/\/www.wolfsberg-judoclub.at\/?p=4450&amp;preview=true\"><br \/>\n<\/a><a style=\"color: #800000;\" href=\"http:\/\/www.wolfsberg-judoclub.at\/2017\/03\/1-judo-fruehlingsturnier-in-st-andrae\/\"><br \/>\n<\/a><\/span><strong><span style=\"color: #800000;\"><br \/>\n<\/span><\/strong><!--more--><\/li>\n<\/ul>\n","protected":false},"excerpt":{"rendered":"<p>Internationales Judo Nachwuchsturnier in Triest Internationales Judo Nachwuchsturnier in Celje \u201eAnpfiff \u2013 die Sportgala\u201c in Wolfsberg Internationales Judo Nachwuchsturnier in Ljubljana Sch\u00fclermannschaftsturnier ASK\u00d6 Judo Bundesmeisterschaften 2. K\u00e4rntner Sch\u00fclerturnier Sommertrainingslager Faak 2017 1.Ktn. Sch\u00fclerturnier in Bleiburg Int. Judoturnier in Zeltweg 50&#8230;<br \/><a class=\"read-more-button\" href=\"https:\/\/www.wolfsberg-judoclub.at\/2017-2\/\">Mehr Lesen<\/a><\/p>\n","protected":false},"author":2,"featured_media":0,"parent":0,"menu_order":0,"comment_status":"closed","ping_status":"closed","template":"","meta":{"ngg_post_thumbnail":0},"_links":{"self":[{"href":"https:\/\/www.wolfsberg-judoclub.at\/wp-json\/wp\/v2\/pages\/4403"}],"collection":[{"href":"https:\/\/www.wolfsberg-judoclub.at\/wp-json\/wp\/v2\/pages"}],"about":[{"href":"https:\/\/www.wolfsberg-judoclub.at\/wp-json\/wp\/v2\/types\/page"}],"author":[{"embeddable":true,"href":"https:\/\/www.wolfsberg-judoclub.at\/wp-json\/wp\/v2\/users\/2"}],"replies":[{"embeddable":true,"href":"https:\/\/www.wolfsberg-judoclub.at\/wp-json\/wp\/v2\/comments?post=4403"}],"version-history":[{"count":28,"href":"https:\/\/www.wolfsberg-judoclub.at\/wp-json\/wp\/v2\/pages\/4403\/revisions"}],"predecessor-version":[{"id":5419,"href":"https:\/\/www.wolfsberg-judoclub.at\/wp-json\/wp\/v2\/pages\/4403\/revisions\/5419"}],"wp:attachment":[{"href":"https:\/\/www.wolfsberg-judoclub.at\/wp-json\/wp\/v2\/media?parent=4403"}],"curies":[{"name":"wp","href":"https:\/\/api.w.org\/{rel}","templated":true}]}}