{"id":4732,"date":"2018-02-07T17:37:29","date_gmt":"2018-02-07T15:37:29","guid":{"rendered":"http:\/\/www.wolfsberg-judoclub.at\/?page_id=4732"},"modified":"2020-06-27T18:36:55","modified_gmt":"2020-06-27T16:36:55","slug":"2018-2","status":"publish","type":"page","link":"https:\/\/www.wolfsberg-judoclub.at\/2018-2\/","title":{"rendered":"2018"},"content":{"rendered":"<ul>\n<li><a href=\"https:\/\/www.wolfsberg-judoclub.at\/2018\/12\/internationales-judo-nachwuchsturnier-in-celje-2\/\">Int. Turnier in Celje<\/a><\/li>\n<li><a href=\"http:\/\/www.wolfsberg-judoclub.at\/2018\/11\/int-judo-schuelerturnier-in-mohelnice-tschechien\/\">Int. Turnier in Mohelnice<\/a><\/li>\n<li><a href=\"http:\/\/www.wolfsberg-judoclub.at\/2018\/11\/2-kaerntner-schuelerturnier-in-feldkirchen\/\">2. Ktn. Sch\u00fclerturnier<\/a><\/li>\n<li><a href=\"http:\/\/www.wolfsberg-judoclub.at\/2018\/11\/int-turnier-in-jennersdorf\/\">Int. Turnier Jennersdorf<\/a><\/li>\n<li><a href=\"http:\/\/www.wolfsberg-judoclub.at\/2018\/10\/askoe-bundesmeisterschaften-in-salzburg\/\">ASK\u00d6 Bundesmeisterschaften<\/a><\/li>\n<li><a href=\"http:\/\/www.wolfsberg-judoclub.at\/2018\/10\/erfolgreiche-judoka-beim-stadtturnier-in-gleisdorf\/\">Gleisdorfer Stadtturnier<\/a><\/li>\n<li><a href=\"http:\/\/www.wolfsberg-judoclub.at\/2018\/08\/sommertraingslager-faak-2018\/\">Sommertrainingslager Faak<\/a><\/li>\n<li><a href=\"http:\/\/www.wolfsberg-judoclub.at\/2018\/06\/kaerntner-judomeisterschaften-frauen-und-maenner\/\">K\u00e4rntner Judomeisterschaften allgemeine Klasse<\/a><\/li>\n<li><a href=\"http:\/\/www.wolfsberg-judoclub.at\/2018\/06\/2-kaerntner-zentrumstraining-in-wolfsberg\/\">2. K\u00e4rntner Zentrumstraining in Wolfsberg<\/a><\/li>\n<li><a href=\"http:\/\/www.wolfsberg-judoclub.at\/2018\/05\/1-kaerntner-schuelerturnier-in-bleiburg-2\/\">1.Ktn. Sch\u00fclerturnier<\/a><\/li>\n<li><a href=\"http:\/\/www.wolfsberg-judoclub.at\/2018\/04\/kaerntner-gelbgurtturnier-2018\/\">K\u00e4rntner Gelbgurtturnier<\/a><\/li>\n<li><a href=\"http:\/\/www.wolfsberg-judoclub.at\/2018\/04\/int-judo-turnier-in-ptuj\/\">Int. Judoturnier in Ptuj<\/a><\/li>\n<li><a href=\"http:\/\/www.wolfsberg-judoclub.at\/2018\/03\/int-judo-schuelerturnier-in-muta-slowenien\/\">Int. Judoturnier in Muta<\/a><\/li>\n<li><a href=\"http:\/\/www.wolfsberg-judoclub.at\/2018\/03\/wolfsberger-judoerfolge-in-leoben-3\/\">Int. Judoturnier in Leoben<\/a><\/li>\n<li><a href=\"http:\/\/www.wolfsberg-judoclub.at\/2018\/03\/kaerntner-judo-nachwuchsmeisterschaften-in-st-veit\/\">K\u00e4rntner Judo Nachwuchsmeisterschaften in St. Veit<\/a><\/li>\n<li><a href=\"http:\/\/www.wolfsberg-judoclub.at\/2018\/02\/int-judo-schuelerturnier-in-ravne-slowenien\/\">Int. Judo Sch\u00fclerturnier in Ravne<\/a><\/li>\n<li><a href=\"http:\/\/www.wolfsberg-judoclub.at\/2018\/02\/int-judo-schuelerturnier-in-bruck-2\/\">Int. Judoturnier in Bruck<\/a><span style=\"color: #800000;\">\n<p><a style=\"color: #800000;\" href=\"http:\/\/www.wolfsberg-judoclub.at\/2018\/04\/kaerntner-gelbgurtturnier-2018\/\"><br \/>\n<\/a><a style=\"color: #800000;\" href=\"http:\/\/www.wolfsberg-judoclub.at\/2018\/04\/int-judo-turnier-in-ptuj\/\"><br \/>\n<\/a><a style=\"color: #800000;\" href=\"http:\/\/www.wolfsberg-judoclub.at\/2018\/03\/int-judo-schuelerturnier-in-muta-slowenien\/\"><br \/>\n<\/a><a style=\"color: #800000;\" href=\"http:\/\/www.wolfsberg-judoclub.at\/2018\/03\/wolfsberger-judoerfolge-in-leoben-3\/\"><br \/>\n<\/a><a style=\"color: #800000;\" href=\"http:\/\/www.wolfsberg-judoclub.at\/2018\/03\/kaerntner-judo-nachwuchsmeisterschaften-in-st-veit\/\"><br \/>\n<\/a><br \/>\n<\/span><\/li>\n<\/ul>\n","protected":false},"excerpt":{"rendered":"<p>Int. Turnier in Celje Int. Turnier in Mohelnice 2. Ktn. Sch\u00fclerturnier Int. Turnier Jennersdorf ASK\u00d6 Bundesmeisterschaften Gleisdorfer Stadtturnier Sommertrainingslager Faak K\u00e4rntner Judomeisterschaften allgemeine Klasse 2. K\u00e4rntner Zentrumstraining in Wolfsberg 1.Ktn. Sch\u00fclerturnier K\u00e4rntner Gelbgurtturnier Int. Judoturnier in Ptuj Int. Judoturnier in&#8230;<br \/><a class=\"read-more-button\" href=\"https:\/\/www.wolfsberg-judoclub.at\/2018-2\/\">Mehr Lesen<\/a><\/p>\n","protected":false},"author":2,"featured_media":0,"parent":0,"menu_order":0,"comment_status":"closed","ping_status":"closed","template":"","meta":{"ngg_post_thumbnail":0},"_links":{"self":[{"href":"https:\/\/www.wolfsberg-judoclub.at\/wp-json\/wp\/v2\/pages\/4732"}],"collection":[{"href":"https:\/\/www.wolfsberg-judoclub.at\/wp-json\/wp\/v2\/pages"}],"about":[{"href":"https:\/\/www.wolfsberg-judoclub.at\/wp-json\/wp\/v2\/types\/page"}],"author":[{"embeddable":true,"href":"https:\/\/www.wolfsberg-judoclub.at\/wp-json\/wp\/v2\/users\/2"}],"replies":[{"embeddable":true,"href":"https:\/\/www.wolfsberg-judoclub.at\/wp-json\/wp\/v2\/comments?post=4732"}],"version-history":[{"count":24,"href":"https:\/\/www.wolfsberg-judoclub.at\/wp-json\/wp\/v2\/pages\/4732\/revisions"}],"predecessor-version":[{"id":5416,"href":"https:\/\/www.wolfsberg-judoclub.at\/wp-json\/wp\/v2\/pages\/4732\/revisions\/5416"}],"wp:attachment":[{"href":"https:\/\/www.wolfsberg-judoclub.at\/wp-json\/wp\/v2\/media?parent=4732"}],"curies":[{"name":"wp","href":"https:\/\/api.w.org\/{rel}","templated":true}]}}