{"id":5017,"date":"2019-01-17T12:25:44","date_gmt":"2019-01-17T10:25:44","guid":{"rendered":"http:\/\/www.wolfsberg-judoclub.at\/?page_id=5017"},"modified":"2022-12-08T16:32:22","modified_gmt":"2022-12-08T14:32:22","slug":"trainer","status":"publish","type":"page","link":"https:\/\/www.wolfsberg-judoclub.at\/trainer\/","title":{"rendered":"Trainer"},"content":{"rendered":"\n<div style=\"height:6px\" aria-hidden=\"true\" class=\"wp-block-spacer\"><\/div>\n\n\n\n<div style=\"height:28px\" aria-hidden=\"true\" class=\"wp-block-spacer\"><\/div>\n\n\n\n<div style=\"height:30px\" aria-hidden=\"true\" class=\"wp-block-spacer\"><\/div>\n\n\n\n<p style=\"font-size:22px\"><strong>Karel Purkert, 4. DAN, Telefon +43 650 8216925<\/strong><\/p>\n\n\n\n<div class=\"wp-block-media-text alignwide\" style=\"grid-template-columns:23% auto\"><figure class=\"wp-block-media-text__media\"><img decoding=\"async\" loading=\"lazy\" width=\"1024\" height=\"1024\" src=\"https:\/\/www.wolfsberg-judoclub.at\/wp-content\/uploads\/2019\/03\/DSCN5920-1024x1024.jpg\" alt=\"\" class=\"wp-image-5111 size-full\" srcset=\"https:\/\/www.wolfsberg-judoclub.at\/wp-content\/uploads\/2019\/03\/DSCN5920-1024x1024.jpg 1024w, https:\/\/www.wolfsberg-judoclub.at\/wp-content\/uploads\/2019\/03\/DSCN5920-150x150.jpg 150w, https:\/\/www.wolfsberg-judoclub.at\/wp-content\/uploads\/2019\/03\/DSCN5920-300x300.jpg 300w, https:\/\/www.wolfsberg-judoclub.at\/wp-content\/uploads\/2019\/03\/DSCN5920-768x768.jpg 768w, https:\/\/www.wolfsberg-judoclub.at\/wp-content\/uploads\/2019\/03\/DSCN5920-956x956.jpg 956w, https:\/\/www.wolfsberg-judoclub.at\/wp-content\/uploads\/2019\/03\/DSCN5920.jpg 1200w\" sizes=\"(max-width: 1024px) 100vw, 1024px\" \/><\/figure><div class=\"wp-block-media-text__content\">\n<p style=\"font-size:14px\">Karel Purkert war in seiner Karriere als\nWettk\u00e4mpfer Europameister 1978 bei den Junioren und 5. bei der Weltmeisterschaft\nin Moskau 1983 in der Allgemeinen Klasse. Als langj\u00e4hriges Mitglied der\nTschechischen Nationalmannschaft k\u00e4mpfte er bei vielen Turnieren weltweit und\nerrang viele Titel und Medaillen.<\/p>\n\n\n\n<p style=\"font-size:14px\">Seit 1989 ist er mit einigen Jahren\nUnterbrechung , wo er als Nationaltrainer in Tschechien t\u00e4tig war, Trainer beim\nJudoclub Wolfsberg.&nbsp; In dieser Zeit\nerk\u00e4mpften sich einige Wolfsberger Judoka Medaillen und Titel bei den\n\u00d6sterreichischen Meisterschaften sowie unz\u00e4hlige Platzierungen im In und\nAusland. Er ist f\u00fcr das Training der Junioren und Erwachsenen zust\u00e4ndig.<\/p>\n<\/div><\/div>\n\n\n\n<div style=\"height:30px\" aria-hidden=\"true\" class=\"wp-block-spacer\"><\/div>\n\n\n\n<p style=\"font-size:22px\"><strong>J\u00fcrgen Rossmann, 1. Kyu, Telefon +43 664 3578178<\/strong><\/p>\n\n\n\n<div class=\"wp-block-media-text alignwide\" style=\"grid-template-columns:23% auto\"><figure class=\"wp-block-media-text__media\"><img decoding=\"async\" loading=\"lazy\" width=\"1024\" height=\"1024\" src=\"https:\/\/www.wolfsberg-judoclub.at\/wp-content\/uploads\/2019\/03\/J\u00fcrgen-Rossmann-1024x1024.jpeg\" alt=\"\" class=\"wp-image-5112 size-full\" srcset=\"https:\/\/www.wolfsberg-judoclub.at\/wp-content\/uploads\/2019\/03\/J\u00fcrgen-Rossmann-1024x1024.jpeg 1024w, https:\/\/www.wolfsberg-judoclub.at\/wp-content\/uploads\/2019\/03\/J\u00fcrgen-Rossmann-150x150.jpeg 150w, https:\/\/www.wolfsberg-judoclub.at\/wp-content\/uploads\/2019\/03\/J\u00fcrgen-Rossmann-300x300.jpeg 300w, https:\/\/www.wolfsberg-judoclub.at\/wp-content\/uploads\/2019\/03\/J\u00fcrgen-Rossmann-768x768.jpeg 768w, https:\/\/www.wolfsberg-judoclub.at\/wp-content\/uploads\/2019\/03\/J\u00fcrgen-Rossmann-956x956.jpeg 956w, https:\/\/www.wolfsberg-judoclub.at\/wp-content\/uploads\/2019\/03\/J\u00fcrgen-Rossmann.jpeg 1200w\" sizes=\"(max-width: 1024px) 100vw, 1024px\" \/><\/figure><div class=\"wp-block-media-text__content\">\n<p style=\"font-size:14px\">J\u00fcrgen Rossmann ist Mitglied seit 2012 beim Judoclub Wolfsberg. Als Nachwuchssportler erk\u00e4mpfte er sich viele nat. und internat. Medaillen. Er absolviert zur Zeit eine staatl. Trainerausbildung und unterst\u00fctzt das Trainerteam im Club.<\/p>\n<\/div><\/div>\n\n\n\n<div style=\"height:43px\" aria-hidden=\"true\" class=\"wp-block-spacer\"><\/div>\n","protected":false},"excerpt":{"rendered":"<p>Karel Purkert, 4. DAN, Telefon +43 650 8216925 Karel Purkert war in seiner Karriere als Wettk\u00e4mpfer Europameister 1978 bei den Junioren und 5. bei der Weltmeisterschaft in Moskau 1983 in der Allgemeinen Klasse. Als langj\u00e4hriges Mitglied der Tschechischen Nationalmannschaft k\u00e4mpfte&#8230;<br \/><a class=\"read-more-button\" href=\"https:\/\/www.wolfsberg-judoclub.at\/trainer\/\">Mehr Lesen<\/a><\/p>\n","protected":false},"author":2,"featured_media":0,"parent":0,"menu_order":0,"comment_status":"closed","ping_status":"closed","template":"template-full-width.php","meta":{"ngg_post_thumbnail":0},"_links":{"self":[{"href":"https:\/\/www.wolfsberg-judoclub.at\/wp-json\/wp\/v2\/pages\/5017"}],"collection":[{"href":"https:\/\/www.wolfsberg-judoclub.at\/wp-json\/wp\/v2\/pages"}],"about":[{"href":"https:\/\/www.wolfsberg-judoclub.at\/wp-json\/wp\/v2\/types\/page"}],"author":[{"embeddable":true,"href":"https:\/\/www.wolfsberg-judoclub.at\/wp-json\/wp\/v2\/users\/2"}],"replies":[{"embeddable":true,"href":"https:\/\/www.wolfsberg-judoclub.at\/wp-json\/wp\/v2\/comments?post=5017"}],"version-history":[{"count":50,"href":"https:\/\/www.wolfsberg-judoclub.at\/wp-json\/wp\/v2\/pages\/5017\/revisions"}],"predecessor-version":[{"id":5652,"href":"https:\/\/www.wolfsberg-judoclub.at\/wp-json\/wp\/v2\/pages\/5017\/revisions\/5652"}],"wp:attachment":[{"href":"https:\/\/www.wolfsberg-judoclub.at\/wp-json\/wp\/v2\/media?parent=5017"}],"curies":[{"name":"wp","href":"https:\/\/api.w.org\/{rel}","templated":true}]}}