{"id":5129,"date":"2019-03-04T17:20:04","date_gmt":"2019-03-04T15:20:04","guid":{"rendered":"http:\/\/www.wolfsberg-judoclub.at\/?page_id=5129"},"modified":"2020-06-27T17:04:35","modified_gmt":"2020-06-27T15:04:35","slug":"2019-2","status":"publish","type":"page","link":"https:\/\/www.wolfsberg-judoclub.at\/2019-2\/","title":{"rendered":"2019"},"content":{"rendered":"\n<ul><li><a href=\"https:\/\/www.wolfsberg-judoclub.at\/2019\/12\/internationales-judo-nachwuchsturnier-in-celje-3\/\">Internationales Judo Nachwuchsturnier in Celje, Slowenien<\/a><\/li><li><a href=\"https:\/\/www.wolfsberg-judoclub.at\/2019\/11\/1-kaerntner-schuelerturnier-in-feldkirchen-2\/\">1. K\u00e4rntner Sch\u00fclerturnier in Feldkirchen<\/a><\/li><li><a href=\"https:\/\/www.wolfsberg-judoclub.at\/2019\/11\/kaerntner-judomeisterschaften-frauen-und-maenner-in-wolfsberg\/\">K\u00e4rntner Judomeisterschaften Frauen und M\u00e4nner Wolfsberg<\/a><\/li><li><a href=\"https:\/\/www.wolfsberg-judoclub.at\/2019\/11\/askoe-bundesmeisterschaften-in-leonding\/\">ASK\u00d6 Bundesmeisterschaften in Leonding<\/a><\/li><li><a href=\"https:\/\/www.wolfsberg-judoclub.at\/2019\/10\/erfolg-in-gleisdorf\/\">Turnier in Gleisdorf<\/a><\/li><li><a href=\"https:\/\/www.wolfsberg-judoclub.at\/2019\/10\/int-judo-turnier-in-spilimbergo-italien\/\">Int. Judo Turnier in Spilimbergo, Italien<\/a><\/li><li><a href=\"https:\/\/www.wolfsberg-judoclub.at\/2019\/05\/internationales-judoturnier-in-zeltweg-3\/\">Internationales Judoturnier in Zeltweg<\/a><\/li><li><a href=\"https:\/\/www.wolfsberg-judoclub.at\/2019\/04\/kaerntner-gelbgurtturnier-2019\/\">K\u00e4rntner Gelbgurtturnier in Feldkirchen<\/a><\/li><li><a href=\"https:\/\/www.wolfsberg-judoclub.at\/2019\/04\/int-judo-turnier-in-ptuj-slowenien\/\">Int. Judo Turnier in Ptuj, Slowenien<\/a><\/li><li><a href=\"https:\/\/www.wolfsberg-judoclub.at\/2019\/03\/wolfsberger-judoerfolge-in-leoben%ef%bb%bf\/\">Wolfsberger Judoerfolge in Leoben<\/a><\/li><li><a href=\"https:\/\/www.wolfsberg-judoclub.at\/2019\/03\/kaerntner-judo-nachwuchsmeisterschaften-in-st-veit-2\/\">K\u00e4rntner Judo Nachwuchsmeisterschaften in St. Veit<\/a> <\/li><li><a href=\"https:\/\/www.wolfsberg-judoclub.at\/2019\/03\/6-internationaler-judo-austrian-cup-salzkammergut\/\">6. Int. Judo Austrian Cup Salzkammergut<\/a><\/li><li><a href=\"https:\/\/www.wolfsberg-judoclub.at\/2019\/03\/int-judo-schuelerturnier-in-bruck-3\/\">Int. Judo Sch\u00fclerturnier in Bruck<\/a><\/li><\/ul>\n\n\n\n<p><\/p>\n","protected":false},"excerpt":{"rendered":"<p>Internationales Judo Nachwuchsturnier in Celje, Slowenien 1. K\u00e4rntner Sch\u00fclerturnier in Feldkirchen K\u00e4rntner Judomeisterschaften Frauen und M\u00e4nner Wolfsberg ASK\u00d6 Bundesmeisterschaften in Leonding Turnier in Gleisdorf Int. Judo Turnier in Spilimbergo, Italien Internationales Judoturnier in Zeltweg K\u00e4rntner Gelbgurtturnier in Feldkirchen Int. Judo&#8230;<br \/><a class=\"read-more-button\" href=\"https:\/\/www.wolfsberg-judoclub.at\/2019-2\/\">Mehr Lesen<\/a><\/p>\n","protected":false},"author":2,"featured_media":0,"parent":0,"menu_order":0,"comment_status":"closed","ping_status":"closed","template":"","meta":{"ngg_post_thumbnail":0},"_links":{"self":[{"href":"https:\/\/www.wolfsberg-judoclub.at\/wp-json\/wp\/v2\/pages\/5129"}],"collection":[{"href":"https:\/\/www.wolfsberg-judoclub.at\/wp-json\/wp\/v2\/pages"}],"about":[{"href":"https:\/\/www.wolfsberg-judoclub.at\/wp-json\/wp\/v2\/types\/page"}],"author":[{"embeddable":true,"href":"https:\/\/www.wolfsberg-judoclub.at\/wp-json\/wp\/v2\/users\/2"}],"replies":[{"embeddable":true,"href":"https:\/\/www.wolfsberg-judoclub.at\/wp-json\/wp\/v2\/comments?post=5129"}],"version-history":[{"count":11,"href":"https:\/\/www.wolfsberg-judoclub.at\/wp-json\/wp\/v2\/pages\/5129\/revisions"}],"predecessor-version":[{"id":5408,"href":"https:\/\/www.wolfsberg-judoclub.at\/wp-json\/wp\/v2\/pages\/5129\/revisions\/5408"}],"wp:attachment":[{"href":"https:\/\/www.wolfsberg-judoclub.at\/wp-json\/wp\/v2\/media?parent=5129"}],"curies":[{"name":"wp","href":"https:\/\/api.w.org\/{rel}","templated":true}]}}