{"id":52,"date":"2014-07-28T19:44:03","date_gmt":"2014-07-28T17:44:03","guid":{"rendered":"http:\/\/www2.dispono.org\/?page_id=52"},"modified":"2020-07-12T13:54:08","modified_gmt":"2020-07-12T11:54:08","slug":"erfolge","status":"publish","type":"page","link":"https:\/\/www.wolfsberg-judoclub.at\/erfolge\/","title":{"rendered":"Erfolge"},"content":{"rendered":"<h2><span style=\"color: #000000;\"><strong>Erfolge des Judoclub Wolfsberg<\/strong><\/span><\/h2>\n<p><a href=\"https:\/\/www.wolfsberg-judoclub.at\/?page_id=5411\">2020<\/a> ( ? Beitr\u00e4ge)<br \/><a href=\"http:\/\/www.wolfsberg-judoclub.at\/2019-2\/\">2019<\/a> (13 Beitr\u00e4ge)<br \/><a href=\"http:\/\/www.wolfsberg-judoclub.at\/2018-2\/\">2018<\/a> <span style=\"color: #000000;\">(17 <\/span><span style=\"color: #000000;\">Beitr\u00e4ge)<\/span><a href=\"http:\/\/www.wolfsberg-judoclub.at\/2017-2\/\"><br \/><\/a><a href=\"http:\/\/www.wolfsberg-judoclub.at\/2017-2\/\">2017 <\/a>(16 Beitr\u00e4ge)<br \/><a href=\"http:\/\/www.wolfsberg-judoclub.at\/2016-2\/\">2016<\/a> (15 Beitrag)<a href=\"http:\/\/www.wolfsberg-judoclub.at\/2016-2\/\"><br \/><\/a><a href=\"http:\/\/www.wolfsberg-judoclub.at\/2015-2\/\">2015<\/a> (17 Beitr\u00e4ge)<br \/><a href=\"http:\/\/www.wolfsberg-judoclub.at\/erfolge\/2014-2\">2014<\/a>&nbsp;(23 Beitr\u00e4ge)<\/p>\n<h3><span style=\"color: #000000;\"><strong>Bisherige Erfolge des&nbsp;Judoclub Wolfsberg &#8211; Archiv<\/strong><\/span><\/h3>\n<address class=\"link_oldweb\"><a href=\"http:\/\/www.wolfsberg-judoclub.at\/wolfsberg_old_web\/index.php%3Foption=com_content&amp;task=category&amp;sectionid=11&amp;id=34&amp;Itemid=33.html\">2013<\/a>&nbsp;(20 Beitr\u00e4ge)<br \/><a href=\"\/wolfsberg_old_web\/index.php%3Foption=com_content&amp;task=category&amp;sectionid=11&amp;id=30&amp;Itemid=33.html\" target=\"_new\" rel=\"noopener noreferrer\">2012<\/a>&nbsp;(18 Beitr\u00e4ge)<br \/><a href=\"\/wolfsberg_old_web\/index.php%3Foption=com_content&amp;task=category&amp;sectionid=11&amp;id=28&amp;Itemid=33.html\" target=\"_new\" rel=\"noopener noreferrer\">2011<\/a>&nbsp;(19 Beitr\u00e4ge)<br \/><a href=\"\/wolfsberg_old_web\/index.php%3Foption=com_content&amp;task=category&amp;sectionid=11&amp;id=26&amp;Itemid=33.html\" target=\"_new\" rel=\"noopener noreferrer\">2010<\/a>&nbsp;(16 Beitr\u00e4ge)<br \/><a href=\"\/wolfsberg_old_web\/index.php%3Foption=com_content&amp;task=category&amp;sectionid=11&amp;id=25&amp;Itemid=33.html\" target=\"_new\" rel=\"noopener noreferrer\">2009<\/a>&nbsp;(21 Beitr\u00e4ge)<br \/><a href=\"\/wolfsberg_old_web\/index.php%3Foption=com_content&amp;task=category&amp;sectionid=11&amp;id=24&amp;Itemid=33.html\" target=\"_new\" rel=\"noopener noreferrer\">2008<\/a>&nbsp;(16 Beitr\u00e4ge)<br \/><a href=\"\/wolfsberg_old_web\/index.php%3Foption=com_content&amp;task=category&amp;sectionid=11&amp;id=23&amp;Itemid=33.html\" target=\"_new\" rel=\"noopener noreferrer\">2007<\/a>&nbsp;(18 Beitr\u00e4ge)<br \/><a href=\"\/wolfsberg_old_web\/index.php%3Foption=com_content&amp;task=category&amp;sectionid=11&amp;id=22&amp;Itemid=33.html\" target=\"_new\" rel=\"noopener noreferrer\">2006<\/a>&nbsp;(13 Beitr\u00e4ge)<br \/><a href=\"\/wolfsberg_old_web\/index.php%3Foption=com_content&amp;task=category&amp;sectionid=11&amp;id=20&amp;Itemid=33.html\" target=\"_new\" rel=\"noopener noreferrer\">2005|2004<\/a>&nbsp;(30 Beitr\u00e4ge)<\/address><address>&nbsp;<\/address>\n\n\n<p><\/p>\n","protected":false},"excerpt":{"rendered":"<p>Erfolge des Judoclub Wolfsberg 2020 ( ? Beitr\u00e4ge)2019 (13 Beitr\u00e4ge)2018 (17 Beitr\u00e4ge)2017 (16 Beitr\u00e4ge)2016 (15 Beitrag)2015 (17 Beitr\u00e4ge)2014&nbsp;(23 Beitr\u00e4ge) Bisherige Erfolge des&nbsp;Judoclub Wolfsberg &#8211; Archiv 2013&nbsp;(20 Beitr\u00e4ge)2012&nbsp;(18 Beitr\u00e4ge)2011&nbsp;(19 Beitr\u00e4ge)2010&nbsp;(16 Beitr\u00e4ge)2009&nbsp;(21 Beitr\u00e4ge)2008&nbsp;(16 Beitr\u00e4ge)2007&nbsp;(18 Beitr\u00e4ge)2006&nbsp;(13 Beitr\u00e4ge)2005|2004&nbsp;(30 Beitr\u00e4ge) &nbsp;<\/p>\n","protected":false},"author":1,"featured_media":0,"parent":0,"menu_order":0,"comment_status":"closed","ping_status":"closed","template":"template-full-width.php","meta":{"ngg_post_thumbnail":0},"_links":{"self":[{"href":"https:\/\/www.wolfsberg-judoclub.at\/wp-json\/wp\/v2\/pages\/52"}],"collection":[{"href":"https:\/\/www.wolfsberg-judoclub.at\/wp-json\/wp\/v2\/pages"}],"about":[{"href":"https:\/\/www.wolfsberg-judoclub.at\/wp-json\/wp\/v2\/types\/page"}],"author":[{"embeddable":true,"href":"https:\/\/www.wolfsberg-judoclub.at\/wp-json\/wp\/v2\/users\/1"}],"replies":[{"embeddable":true,"href":"https:\/\/www.wolfsberg-judoclub.at\/wp-json\/wp\/v2\/comments?post=52"}],"version-history":[{"count":106,"href":"https:\/\/www.wolfsberg-judoclub.at\/wp-json\/wp\/v2\/pages\/52\/revisions"}],"predecessor-version":[{"id":5425,"href":"https:\/\/www.wolfsberg-judoclub.at\/wp-json\/wp\/v2\/pages\/52\/revisions\/5425"}],"wp:attachment":[{"href":"https:\/\/www.wolfsberg-judoclub.at\/wp-json\/wp\/v2\/media?parent=52"}],"curies":[{"name":"wp","href":"https:\/\/api.w.org\/{rel}","templated":true}]}}