{"id":74,"date":"2014-07-28T20:03:49","date_gmt":"2014-07-28T18:03:49","guid":{"rendered":"http:\/\/www2.dispono.org\/?page_id=74"},"modified":"2022-09-05T23:09:15","modified_gmt":"2022-09-05T21:09:15","slug":"anfaengerkurs","status":"publish","type":"page","link":"https:\/\/www.wolfsberg-judoclub.at\/trainingszeiten\/anfaengerkurs\/","title":{"rendered":"Anf\u00e4ngerkurs"},"content":{"rendered":"<h4 style=\"text-align: center;\"><strong>!! Bald schon startet der n\u00e4chste Anf\u00e4ngerkurs !!<\/p>\n<p><a href=\"\/\/www.wolfsberg-judoclub.at\/wp-content\/uploads\/2022\/09\/Screenshot-2022-09-05-230805.png\"><img decoding=\"async\" loading=\"lazy\" class=\"aligncenter size-full wp-image-5606\" src=\"\/\/www.wolfsberg-judoclub.at\/wp-content\/uploads\/2022\/09\/Screenshot-2022-09-05-230805.png\" alt=\"\" width=\"592\" height=\"773\" srcset=\"https:\/\/www.wolfsberg-judoclub.at\/wp-content\/uploads\/2022\/09\/Screenshot-2022-09-05-230805.png 592w, https:\/\/www.wolfsberg-judoclub.at\/wp-content\/uploads\/2022\/09\/Screenshot-2022-09-05-230805-230x300.png 230w\" sizes=\"(max-width: 592px) 100vw, 592px\" \/><\/a><\/strong><\/h4>\n<h4 style=\"text-align: center;\">Wenn Sie einmal bei einem Training zusehen, oder selbst etwas reinschnuppern wollen, z\u00f6gern Sie nicht mit uns Kontakt aufzunehmen. <a href=\"https:\/\/www.wolfsberg-judoclub.at\/kontakt\/\">https:\/\/www.wolfsberg-judoclub.at\/kontakt\/<\/a><\/h4>\n<h4 style=\"text-align: center;\"><strong>Hier kommen Sie zu unserem Youtube-Kanal: <a href=\"https:\/\/www.youtube.com\/channel\/UCff4j2MgEh46V8F3XL0kFCg?view_as=subscriber\">Judoclub Wolfsberg<\/a><br \/>\n<\/strong><\/h4>\n<h4 style=\"text-align: center;\"><span style=\"color: #ff0000;\"><strong>&nbsp;<\/strong><\/span><\/h4>\n<h4 style=\"text-align: center;\"><strong>&nbsp;<\/strong><\/h4>\n","protected":false},"excerpt":{"rendered":"<p>!! Bald schon startet der n\u00e4chste Anf\u00e4ngerkurs !! Wenn Sie einmal bei einem Training zusehen, oder selbst etwas reinschnuppern wollen, z\u00f6gern Sie nicht mit uns Kontakt aufzunehmen. https:\/\/www.wolfsberg-judoclub.at\/kontakt\/ Hier kommen Sie zu unserem Youtube-Kanal: Judoclub Wolfsberg &nbsp; &nbsp;<\/p>\n","protected":false},"author":1,"featured_media":0,"parent":76,"menu_order":0,"comment_status":"closed","ping_status":"closed","template":"template-full-width.php","meta":{"ngg_post_thumbnail":0},"_links":{"self":[{"href":"https:\/\/www.wolfsberg-judoclub.at\/wp-json\/wp\/v2\/pages\/74"}],"collection":[{"href":"https:\/\/www.wolfsberg-judoclub.at\/wp-json\/wp\/v2\/pages"}],"about":[{"href":"https:\/\/www.wolfsberg-judoclub.at\/wp-json\/wp\/v2\/types\/page"}],"author":[{"embeddable":true,"href":"https:\/\/www.wolfsberg-judoclub.at\/wp-json\/wp\/v2\/users\/1"}],"replies":[{"embeddable":true,"href":"https:\/\/www.wolfsberg-judoclub.at\/wp-json\/wp\/v2\/comments?post=74"}],"version-history":[{"count":40,"href":"https:\/\/www.wolfsberg-judoclub.at\/wp-json\/wp\/v2\/pages\/74\/revisions"}],"predecessor-version":[{"id":5651,"href":"https:\/\/www.wolfsberg-judoclub.at\/wp-json\/wp\/v2\/pages\/74\/revisions\/5651"}],"up":[{"embeddable":true,"href":"https:\/\/www.wolfsberg-judoclub.at\/wp-json\/wp\/v2\/pages\/76"}],"wp:attachment":[{"href":"https:\/\/www.wolfsberg-judoclub.at\/wp-json\/wp\/v2\/media?parent=74"}],"curies":[{"name":"wp","href":"https:\/\/api.w.org\/{rel}","templated":true}]}}