{"id":827,"date":"2014-08-14T16:03:20","date_gmt":"2014-08-14T14:03:20","guid":{"rendered":"http:\/\/www.wolfsberg-judoclub.at\/?page_id=827"},"modified":"2020-06-27T21:04:08","modified_gmt":"2020-06-27T19:04:08","slug":"2014-2","status":"publish","type":"page","link":"https:\/\/www.wolfsberg-judoclub.at\/erfolge\/2014-2\/","title":{"rendered":"2014"},"content":{"rendered":"<ul>\n<li><a href=\"http:\/\/www.wolfsberg-judoclub.at\/?p=3500\">Internationale \u00d6sterreichische Seniorenmeisterschaft<\/a><\/li>\n<li><a href=\"http:\/\/www.wolfsberg-judoclub.at\/?p=3481\">2. K\u00e4rntner Sch\u00fclerturnier in St. Paul<\/a><\/li>\n<li><a href=\"http:\/\/www.wolfsberg-judoclub.at\/?p=3460\">ASK\u00d6 Bundesmeisterschaften in Gmunden<\/a><\/li>\n<li><a href=\"http:\/\/www.wolfsberg-judoclub.at\/?p=2069\">Internationaler Judoerfolg in Kroatien<\/a><\/li>\n<li><a href=\"http:\/\/www.wolfsberg-judoclub.at\/?p=1877\">Judoerfolge bei den Vienna Open<\/a><\/li>\n<li><a href=\"http:\/\/www.wolfsberg-judoclub.at\/?p=3496\">Gelbgurtturnier M\u00fcrzzuschlag<\/a><\/li>\n<li><a href=\"http:\/\/www.wolfsberg-judoclub.at\/?p=1868\">Judo Weltmeisterschaft in Chelyabinsk<\/a><\/li>\n<li><a href=\"http:\/\/www.wolfsberg-judoclub.at\/?p=918\">1. K\u00e4rntner Sch\u00fclerturnier U12 und U14<\/a><\/li>\n<li><a href=\"http:\/\/www.wolfsberg-judoclub.at\/?p=914\">20. internationales Judotunier in Stra\u00dfwalchen<\/a><\/li>\n<li><a href=\"http:\/\/www.wolfsberg-judoclub.at\/?p=910\">Int. Judo Nachwuchsturnier in Eichfeld<\/a><\/li>\n<li><a href=\"http:\/\/www.wolfsberg-judoclub.at\/?p=3487\">Judo Nachwuchsturnier in Gleisdorf<\/a><\/li>\n<li><a href=\"http:\/\/www.wolfsberg-judoclub.at\/?p=906\">Int.<\/a><a href=\"http:\/\/www.wolfsberg-judoclub.at\/?p=906\">Judoerfolge f\u00fcr Pichler \u2013 Schloffer<\/a><\/li>\n<li><a href=\"http:\/\/www.wolfsberg-judoclub.at\/?p=902\">Judo Nachwuchserfolge beim Int. Judoturnier in Graz<\/a><\/li>\n<li><a href=\"http:\/\/www.wolfsberg-judoclub.at\/?p=899\">Judo Europameisterschaft in Montpellier<\/a><\/li>\n<li><a href=\"http:\/\/www.wolfsberg-judoclub.at\/?p=3493\">Internationales Turnier in Triest<\/a><\/li>\n<li><a href=\"http:\/\/www.wolfsberg-judoclub.at\/?p=894\">K\u00e4rntner Judo Nachwuchsmeisterschaften<\/a><\/li>\n<li><a href=\"http:\/\/www.wolfsberg-judoclub.at\/?p=869\">Internationales Turnier in Leoben<\/a><\/li>\n<li><a href=\"http:\/\/www.wolfsberg-judoclub.at\/?p=859\">K\u00e4rntner Gelbgurtturnier<\/a><\/li>\n<li><a href=\"http:\/\/www.wolfsberg-judoclub.at\/?p=851\">K\u00e4rntner Judomeisterschaft in Treffen<\/a><\/li>\n<li><a href=\"http:\/\/www.wolfsberg-judoclub.at\/?p=845\">Internationales V\u00f6cklabrucker Judoturnier<\/a><\/li>\n<li><a href=\"http:\/\/www.wolfsberg-judoclub.at\/?p=841\">Internationales Judo Sch\u00fclerturnier in Ravne\/Slowenien<\/a><\/li>\n<li><span style=\"color: #800000;\"><span style=\"text-decoration: underline;\"><a href=\"http:\/\/www.wolfsberg-judoclub.at\/?p=837\">Judo Sch\u00fclerturnier in Bruck\/Mur<\/a><\/span><\/span><\/li>\n<li><span style=\"color: #800000;\"><span style=\"text-decoration: underline;\"><a href=\"http:\/\/www.wolfsberg-judoclub.at\/?p=831\">Petra Steinbauer Judostaatsmeisterin<\/a><a style=\"color: #800000; text-decoration: underline;\" href=\"http:\/\/www.wolfsberg-judoclub.at\/?p=3460\"><br \/>\n<\/a><\/span><a style=\"color: #800000;\" href=\"http:\/\/www.wolfsberg-judoclub.at\/?p=841\"><br \/>\n<\/a><\/span><\/li>\n<\/ul>\n","protected":false},"excerpt":{"rendered":"<p>Internationale \u00d6sterreichische Seniorenmeisterschaft 2. K\u00e4rntner Sch\u00fclerturnier in St. Paul ASK\u00d6 Bundesmeisterschaften in Gmunden Internationaler Judoerfolg in Kroatien Judoerfolge bei den Vienna Open Gelbgurtturnier M\u00fcrzzuschlag Judo Weltmeisterschaft in Chelyabinsk 1. K\u00e4rntner Sch\u00fclerturnier U12 und U14 20. internationales Judotunier in Stra\u00dfwalchen Int&#8230;.<br \/><a class=\"read-more-button\" href=\"https:\/\/www.wolfsberg-judoclub.at\/erfolge\/2014-2\/\">Mehr Lesen<\/a><\/p>\n","protected":false},"author":2,"featured_media":0,"parent":52,"menu_order":0,"comment_status":"closed","ping_status":"closed","template":"","meta":{"ngg_post_thumbnail":0},"_links":{"self":[{"href":"https:\/\/www.wolfsberg-judoclub.at\/wp-json\/wp\/v2\/pages\/827"}],"collection":[{"href":"https:\/\/www.wolfsberg-judoclub.at\/wp-json\/wp\/v2\/pages"}],"about":[{"href":"https:\/\/www.wolfsberg-judoclub.at\/wp-json\/wp\/v2\/types\/page"}],"author":[{"embeddable":true,"href":"https:\/\/www.wolfsberg-judoclub.at\/wp-json\/wp\/v2\/users\/2"}],"replies":[{"embeddable":true,"href":"https:\/\/www.wolfsberg-judoclub.at\/wp-json\/wp\/v2\/comments?post=827"}],"version-history":[{"count":31,"href":"https:\/\/www.wolfsberg-judoclub.at\/wp-json\/wp\/v2\/pages\/827\/revisions"}],"predecessor-version":[{"id":5424,"href":"https:\/\/www.wolfsberg-judoclub.at\/wp-json\/wp\/v2\/pages\/827\/revisions\/5424"}],"up":[{"embeddable":true,"href":"https:\/\/www.wolfsberg-judoclub.at\/wp-json\/wp\/v2\/pages\/52"}],"wp:attachment":[{"href":"https:\/\/www.wolfsberg-judoclub.at\/wp-json\/wp\/v2\/media?parent=827"}],"curies":[{"name":"wp","href":"https:\/\/api.w.org\/{rel}","templated":true}]}}