{"id":972,"date":"2014-08-19T10:37:39","date_gmt":"2014-08-19T08:37:39","guid":{"rendered":"http:\/\/www.wolfsberg-judoclub.at\/?page_id=972"},"modified":"2020-06-26T23:59:15","modified_gmt":"2020-06-26T21:59:15","slug":"vereinsgeschichte","status":"publish","type":"page","link":"https:\/\/www.wolfsberg-judoclub.at\/vereinsgeschichte\/","title":{"rendered":"Vereinsgeschichte"},"content":{"rendered":"<p>Der&nbsp;<strong>ASK\u00d6 Judoclub Long Life Wolfsberg<\/strong>&nbsp;wurde am&nbsp;<strong>29.03.1967<\/strong>&nbsp;vom damaligen Obmann&nbsp;<strong>Stefan Holzschlag<\/strong>&nbsp;mit einigen judointeressierten Sportlern gegr\u00fcndet.<\/p>\n<p>Durch das Engagement aller Funktion\u00e4re und Sportler etablierte man sich recht bald innerhalb des K\u00e4rntner Verbandgeschehens. Durch die Trainer Gerald Desembekowitsch, Glantschnig Erland, Erich Pachoinig, Jandl Alfred und P\u00f6rtschacher Horst erlebte der Judoclub einen stetigen Aufschwung, der nat\u00fcrlich auch durch die Popularit\u00e4t des zweifachen Olympiasiegers Peter Seisenbacher, der auch \u00f6fters in Wolfsberg war, unterst\u00fctzt wurde.<\/p>\n<p>Die konsequente Aufbauarbeit der Trainer wurde&nbsp;durch \u00f6sterreichische Meistertitel, unz\u00e4hlige K\u00e4rntner Meistertitel,&nbsp;sowie durch Medaillengewinne bei internationalen&nbsp;und nationalen Turnieren best\u00e4tigt.<\/p>\n<p>1989 \u00fcbernahm Erich Pachoinig als Obmann den Judoclub Wolfsberg.<br \/>Ihm gelang es, einen weltbekannten Sportler &#8211; Karel Purkert &#8211;&nbsp;aus Tschechien als Trainer nach Wolfsberg zu holen,&nbsp;wodurch der Club nochmals eine Leistungssteigerung sowie&nbsp;eine Steigerung des Bekanntheitsgrades erlangte.<br \/>Karel Purkert trainierte den Club bis 1996.<\/p>\n<p>Denn bisher erfolgreich eingeschlagenen Weg, einer Kombination aus Breitensport und Leistungssport, setzten die Trainer Sergej Klischin (mehrfacher EM Champion), Perchtaler Klaus und Wolfgang Hafner fort.<\/p>\n<p>Heute trainieren und k\u00e4mpfen 130 Judoka regelm\u00e4\u00dfig auf der Judomatte.&nbsp;Man ist seit Jahren die Nummer 1 bei den Sch\u00fclern, der Jugend,&nbsp;den Junioren und in der allgemeinen Klasse. Die bisher erfolgreichsten Wettkampfsportler sind:Petra Steinbauer (5. Platz Jugend EM, 5. Platz Junioren EM, \u00d6sterreichische Meisterin Sch\u00fcler, Jugend, Junioren, Allgemeine Klasse, Silber und Bronze bei der&nbsp;Military &nbsp;WM),&nbsp;sowie&nbsp; Mag. Petra Hauser ( mehrmalige \u00d6sterreichische Meisterin).Gemanaget wird der Club vom Pr\u00e4sident Erich Pachoinig,&nbsp;der seit \u00fcber 45 Jahren im Club t\u00e4tig ist, Tr\u00e4ger des 7. DAN,&nbsp;seit 1998 auch Pr\u00e4sident des&nbsp;K\u00e4rntner Judo \u2013 Landesverbandes und seit 1999 1. Vizepr\u00e4sident des \u00d6sterreichischen Judoverbandes.<\/p>\n<p>Trainiert werden die Sportler vom seit 2006 zur\u00fcck gekehrten, ehemaligen tschechischen Nationaltrainer Karel Purkert, Junioren und Erwachsene sowie Wolfgang Hafner, Sch\u00fcler und einem Trainernachwuchsteam.<\/p>\n<p>2017 feierte man in Wolfsberg, im Veranstaltungszentrum KUSS, das 50 Jahr Jubil\u00e4um an dem Landeshauptmann Dr. Peter Kaiser, ASK\u00d6 Pr\u00e4sident Toni Leikam, \u00d6JV Pr\u00e4sident Dr. Hans Paul Kutschera, B\u00fcrgermeister Hans Peter Schlagholz und weitere Ehreng\u00e4ste, Funktion\u00e4re und Sportler teilnahmen.<\/p>\n\n\n<figure class=\"wp-block-image\"><img decoding=\"async\" loading=\"lazy\" width=\"1024\" height=\"682\" src=\"https:\/\/www.wolfsberg-judoclub.at\/wp-content\/uploads\/2019\/02\/HAR_9264-2-1024x682.jpg\" alt=\"\" class=\"wp-image-5105\" srcset=\"https:\/\/www.wolfsberg-judoclub.at\/wp-content\/uploads\/2019\/02\/HAR_9264-2-1024x682.jpg 1024w, https:\/\/www.wolfsberg-judoclub.at\/wp-content\/uploads\/2019\/02\/HAR_9264-2-300x200.jpg 300w, https:\/\/www.wolfsberg-judoclub.at\/wp-content\/uploads\/2019\/02\/HAR_9264-2-768x511.jpg 768w, https:\/\/www.wolfsberg-judoclub.at\/wp-content\/uploads\/2019\/02\/HAR_9264-2-956x637.jpg 956w, https:\/\/www.wolfsberg-judoclub.at\/wp-content\/uploads\/2019\/02\/HAR_9264-2.jpg 1200w\" sizes=\"(max-width: 1024px) 100vw, 1024px\" \/><\/figure>\n","protected":false},"excerpt":{"rendered":"<p>Der&nbsp;ASK\u00d6 Judoclub Long Life Wolfsberg&nbsp;wurde am&nbsp;29.03.1967&nbsp;vom damaligen Obmann&nbsp;Stefan Holzschlag&nbsp;mit einigen judointeressierten Sportlern gegr\u00fcndet. Durch das Engagement aller Funktion\u00e4re und Sportler etablierte man sich recht bald innerhalb des K\u00e4rntner Verbandgeschehens. Durch die Trainer Gerald Desembekowitsch, Glantschnig Erland, Erich Pachoinig, Jandl Alfred&#8230;<br \/><a class=\"read-more-button\" href=\"https:\/\/www.wolfsberg-judoclub.at\/vereinsgeschichte\/\">Mehr Lesen<\/a><\/p>\n","protected":false},"author":2,"featured_media":0,"parent":0,"menu_order":0,"comment_status":"closed","ping_status":"closed","template":"template-full-width.php","meta":{"ngg_post_thumbnail":0},"_links":{"self":[{"href":"https:\/\/www.wolfsberg-judoclub.at\/wp-json\/wp\/v2\/pages\/972"}],"collection":[{"href":"https:\/\/www.wolfsberg-judoclub.at\/wp-json\/wp\/v2\/pages"}],"about":[{"href":"https:\/\/www.wolfsberg-judoclub.at\/wp-json\/wp\/v2\/types\/page"}],"author":[{"embeddable":true,"href":"https:\/\/www.wolfsberg-judoclub.at\/wp-json\/wp\/v2\/users\/2"}],"replies":[{"embeddable":true,"href":"https:\/\/www.wolfsberg-judoclub.at\/wp-json\/wp\/v2\/comments?post=972"}],"version-history":[{"count":14,"href":"https:\/\/www.wolfsberg-judoclub.at\/wp-json\/wp\/v2\/pages\/972\/revisions"}],"predecessor-version":[{"id":5376,"href":"https:\/\/www.wolfsberg-judoclub.at\/wp-json\/wp\/v2\/pages\/972\/revisions\/5376"}],"wp:attachment":[{"href":"https:\/\/www.wolfsberg-judoclub.at\/wp-json\/wp\/v2\/media?parent=972"}],"curies":[{"name":"wp","href":"https:\/\/api.w.org\/{rel}","templated":true}]}}